{"id":296,"date":"2025-05-13T22:21:05","date_gmt":"2025-05-14T04:21:05","guid":{"rendered":"https:\/\/carlosmendozaalvarez.blog\/?page_id=296"},"modified":"2025-05-30T01:59:19","modified_gmt":"2025-05-30T07:59:19","slug":"eventos","status":"publish","type":"page","link":"https:\/\/carlosmendozaalvarez.blog\/en\/eventos\/","title":{"rendered":"Events"},"content":{"rendered":"<div class=\"wp-block-columns is-layout-flex wp-container-core-columns-is-layout-794e3cfa wp-block-columns-is-layout-flex\">\n<div class=\"wp-block-column is-layout-flow wp-block-column-is-layout-flow\">\n<div class=\"wp-block-group has-global-padding is-layout-constrained wp-block-group-is-layout-constrained\">\n<figure class=\"wp-block-gallery has-nested-images columns-default is-cropped wp-block-gallery-1 is-layout-flex wp-block-gallery-is-layout-flex\" id=\"evento-esperan\u00e7a\">\n<figure class=\"wp-block-image size-full\"><img data-recalc-dims=\"1\" fetchpriority=\"high\" decoding=\"async\" width=\"1701\" height=\"2552\" data-attachment-id=\"733\" data-permalink=\"https:\/\/carlosmendozaalvarez.blog\/en\/esperanca-contra-toda-esperanca-09v25_mesa-de-trabajo-1-copia\/\" data-orig-file=\"https:\/\/i0.wp.com\/carlosmendozaalvarez.blog\/wp-content\/uploads\/2025\/05\/Esperanca-contra-toda-esperanca-09V25_Mesa-de-trabajo-1-copia.png?fit=1701%2C2552&amp;ssl=1\" data-orig-size=\"1701,2552\" data-comments-opened=\"1\" data-image-meta=\"{&quot;aperture&quot;:&quot;0&quot;,&quot;credit&quot;:&quot;&quot;,&quot;camera&quot;:&quot;&quot;,&quot;caption&quot;:&quot;&quot;,&quot;created_timestamp&quot;:&quot;0&quot;,&quot;copyright&quot;:&quot;&quot;,&quot;focal_length&quot;:&quot;0&quot;,&quot;iso&quot;:&quot;0&quot;,&quot;shutter_speed&quot;:&quot;0&quot;,&quot;title&quot;:&quot;&quot;,&quot;orientation&quot;:&quot;0&quot;}\" data-image-title=\"Esperan\u00e7a contra toda esperan\u00e7a\" data-image-description=\"\" data-image-caption=\"\" data-large-file=\"https:\/\/i0.wp.com\/carlosmendozaalvarez.blog\/wp-content\/uploads\/2025\/05\/Esperanca-contra-toda-esperanca-09V25_Mesa-de-trabajo-1-copia.png?fit=683%2C1024&amp;ssl=1\" data-id=\"733\" src=\"https:\/\/i0.wp.com\/carlosmendozaalvarez.blog\/wp-content\/uploads\/2025\/05\/Esperanca-contra-toda-esperanca-09V25_Mesa-de-trabajo-1-copia.png?resize=1701%2C2552&#038;ssl=1\" alt=\"P\u00f3ster do col\u00f3quio sobre a obra do te\u00f3logo mexicano Carlos Mendoza-\u00c1lvarez com detalhes sobre o evento e seus objetivos, incluindo uma imagem de fundo que apresenta uma cena relacionada ao tema.\" class=\"wp-image-733\" srcset=\"https:\/\/i0.wp.com\/carlosmendozaalvarez.blog\/wp-content\/uploads\/2025\/05\/Esperanca-contra-toda-esperanca-09V25_Mesa-de-trabajo-1-copia.png?w=1701&amp;ssl=1 1701w, https:\/\/i0.wp.com\/carlosmendozaalvarez.blog\/wp-content\/uploads\/2025\/05\/Esperanca-contra-toda-esperanca-09V25_Mesa-de-trabajo-1-copia.png?resize=200%2C300&amp;ssl=1 200w, https:\/\/i0.wp.com\/carlosmendozaalvarez.blog\/wp-content\/uploads\/2025\/05\/Esperanca-contra-toda-esperanca-09V25_Mesa-de-trabajo-1-copia.png?resize=683%2C1024&amp;ssl=1 683w, https:\/\/i0.wp.com\/carlosmendozaalvarez.blog\/wp-content\/uploads\/2025\/05\/Esperanca-contra-toda-esperanca-09V25_Mesa-de-trabajo-1-copia.png?resize=768%2C1152&amp;ssl=1 768w, https:\/\/i0.wp.com\/carlosmendozaalvarez.blog\/wp-content\/uploads\/2025\/05\/Esperanca-contra-toda-esperanca-09V25_Mesa-de-trabajo-1-copia.png?resize=1024%2C1536&amp;ssl=1 1024w, https:\/\/i0.wp.com\/carlosmendozaalvarez.blog\/wp-content\/uploads\/2025\/05\/Esperanca-contra-toda-esperanca-09V25_Mesa-de-trabajo-1-copia.png?resize=1365%2C2048&amp;ssl=1 1365w, https:\/\/i0.wp.com\/carlosmendozaalvarez.blog\/wp-content\/uploads\/2025\/05\/Esperanca-contra-toda-esperanca-09V25_Mesa-de-trabajo-1-copia.png?resize=8%2C12&amp;ssl=1 8w\" sizes=\"(max-width: 1000px) 100vw, 1000px\" \/><\/figure>\n\n\n\n<figure class=\"wp-block-image size-full\"><img data-recalc-dims=\"1\" decoding=\"async\" width=\"1702\" height=\"2552\" data-attachment-id=\"734\" data-permalink=\"https:\/\/carlosmendozaalvarez.blog\/en\/esperanca-contra-toda-esperanca-09v25_mesa-de-trabajo-1-copia-2\/\" data-orig-file=\"https:\/\/i0.wp.com\/carlosmendozaalvarez.blog\/wp-content\/uploads\/2025\/05\/Esperanca-contra-toda-esperanca-09V25_Mesa-de-trabajo-1-copia-2.png?fit=1702%2C2552&amp;ssl=1\" data-orig-size=\"1702,2552\" data-comments-opened=\"1\" data-image-meta=\"{&quot;aperture&quot;:&quot;0&quot;,&quot;credit&quot;:&quot;&quot;,&quot;camera&quot;:&quot;&quot;,&quot;caption&quot;:&quot;&quot;,&quot;created_timestamp&quot;:&quot;0&quot;,&quot;copyright&quot;:&quot;&quot;,&quot;focal_length&quot;:&quot;0&quot;,&quot;iso&quot;:&quot;0&quot;,&quot;shutter_speed&quot;:&quot;0&quot;,&quot;title&quot;:&quot;&quot;,&quot;orientation&quot;:&quot;0&quot;}\" data-image-title=\"Esperan\u00e7a contra toda esperan\u00e7a\" data-image-description=\"\" data-image-caption=\"\" data-large-file=\"https:\/\/i0.wp.com\/carlosmendozaalvarez.blog\/wp-content\/uploads\/2025\/05\/Esperanca-contra-toda-esperanca-09V25_Mesa-de-trabajo-1-copia-2.png?fit=683%2C1024&amp;ssl=1\" data-id=\"734\" src=\"https:\/\/i0.wp.com\/carlosmendozaalvarez.blog\/wp-content\/uploads\/2025\/05\/Esperanca-contra-toda-esperanca-09V25_Mesa-de-trabajo-1-copia-2.png?resize=1702%2C2552&#038;ssl=1\" alt=\"Cartel promocional del coloquio 'Esperan\u00e7a contra toda Esperan\u00e7a' sobre el te\u00f3logo mexicano Carlos Mendoza-\u00c1lvarez en R\u00edo de Janeiro, con detalles del evento y los participantes.\" class=\"wp-image-734\" srcset=\"https:\/\/i0.wp.com\/carlosmendozaalvarez.blog\/wp-content\/uploads\/2025\/05\/Esperanca-contra-toda-esperanca-09V25_Mesa-de-trabajo-1-copia-2.png?w=1702&amp;ssl=1 1702w, https:\/\/i0.wp.com\/carlosmendozaalvarez.blog\/wp-content\/uploads\/2025\/05\/Esperanca-contra-toda-esperanca-09V25_Mesa-de-trabajo-1-copia-2.png?resize=200%2C300&amp;ssl=1 200w, https:\/\/i0.wp.com\/carlosmendozaalvarez.blog\/wp-content\/uploads\/2025\/05\/Esperanca-contra-toda-esperanca-09V25_Mesa-de-trabajo-1-copia-2.png?resize=683%2C1024&amp;ssl=1 683w, https:\/\/i0.wp.com\/carlosmendozaalvarez.blog\/wp-content\/uploads\/2025\/05\/Esperanca-contra-toda-esperanca-09V25_Mesa-de-trabajo-1-copia-2.png?resize=768%2C1152&amp;ssl=1 768w, https:\/\/i0.wp.com\/carlosmendozaalvarez.blog\/wp-content\/uploads\/2025\/05\/Esperanca-contra-toda-esperanca-09V25_Mesa-de-trabajo-1-copia-2.png?resize=1024%2C1536&amp;ssl=1 1024w, https:\/\/i0.wp.com\/carlosmendozaalvarez.blog\/wp-content\/uploads\/2025\/05\/Esperanca-contra-toda-esperanca-09V25_Mesa-de-trabajo-1-copia-2.png?resize=1366%2C2048&amp;ssl=1 1366w, https:\/\/i0.wp.com\/carlosmendozaalvarez.blog\/wp-content\/uploads\/2025\/05\/Esperanca-contra-toda-esperanca-09V25_Mesa-de-trabajo-1-copia-2.png?resize=8%2C12&amp;ssl=1 8w\" sizes=\"(max-width: 1000px) 100vw, 1000px\" \/><\/figure>\n<\/figure>\n<\/div>\n<\/div>\n\n\n\n<div class=\"wp-block-column is-layout-flow wp-block-column-is-layout-flow\">\n<h2 class=\"wp-block-heading has-x-large-font-size\" style=\"margin-top:0;margin-right:0;margin-bottom:0;margin-left:0;padding-top:0;padding-bottom:0\"><em>Esperan\u00e7a against all Esperan\u00e7a \u2013 <br><\/em>May 29, 2025<\/h2>\n\n\n\n<hr class=\"wp-block-separator has-alpha-channel-opacity\" style=\"margin-top:var(--wp--preset--spacing--30);margin-bottom:var(--wp--preset--spacing--30)\"\/>\n\n\n\n<p class=\"wp-block-paragraph\" style=\"margin-top:var(--wp--preset--spacing--30);margin-bottom:var(--wp--preset--spacing--30);padding-top:0;padding-right:0;padding-bottom:0;padding-left:0;font-size:clamp(14px, 0.875rem + ((1vw - 3.2px) * 0.588), 20px);\">Colloquium on the work of Mexican theologian Carlos Mendoza-\u00c1lvarez in Rio de Janeiro.<\/p>\n<\/div>\n<\/div>\n\n\n\n<div class=\"wp-block-media-text is-stacked-on-mobile\"><figure class=\"wp-block-media-text__media\"><a href=\"https:\/\/www.eds.edu\/programs\/global-christian-response-to-american-empire?fbclid=IwY2xjawKR_FFleHRuA2FlbQIxMABicmlkETFrVDNKc24wcllRY1dOc3RIAR5rIbqmfpkvK5ik_41VmRImxMFOhlgT_kF7-WQG3Z2b6Wq4BLQorqE6xiIwaA_aem_6s1eCfAb2tc0MuAfykcPsQ\" target=\"_blank\" rel=\"noopener\"><img data-recalc-dims=\"1\" decoding=\"async\" width=\"1024\" height=\"605\" data-attachment-id=\"732\" data-permalink=\"https:\/\/carlosmendozaalvarez.blog\/en\/bandera-4-julio\/\" data-orig-file=\"https:\/\/i0.wp.com\/carlosmendozaalvarez.blog\/wp-content\/uploads\/2025\/05\/Bandera-4-julio.png?fit=1250%2C738&amp;ssl=1\" data-orig-size=\"1250,738\" data-comments-opened=\"1\" data-image-meta=\"{&quot;aperture&quot;:&quot;0&quot;,&quot;credit&quot;:&quot;&quot;,&quot;camera&quot;:&quot;&quot;,&quot;caption&quot;:&quot;&quot;,&quot;created_timestamp&quot;:&quot;0&quot;,&quot;copyright&quot;:&quot;&quot;,&quot;focal_length&quot;:&quot;0&quot;,&quot;iso&quot;:&quot;0&quot;,&quot;shutter_speed&quot;:&quot;0&quot;,&quot;title&quot;:&quot;&quot;,&quot;orientation&quot;:&quot;0&quot;}\" data-image-title=\"Bandera 4 julio\" data-image-description=\"\" data-image-caption=\"\" data-large-file=\"https:\/\/i0.wp.com\/carlosmendozaalvarez.blog\/wp-content\/uploads\/2025\/05\/Bandera-4-julio.png?fit=1024%2C605&amp;ssl=1\" src=\"https:\/\/i0.wp.com\/carlosmendozaalvarez.blog\/wp-content\/uploads\/2025\/05\/Bandera-4-julio.png?resize=1024%2C605&#038;ssl=1\" alt=\"\" class=\"wp-image-732 size-full\" srcset=\"https:\/\/i0.wp.com\/carlosmendozaalvarez.blog\/wp-content\/uploads\/2025\/05\/Bandera-4-julio.png?resize=1024%2C605&amp;ssl=1 1024w, https:\/\/i0.wp.com\/carlosmendozaalvarez.blog\/wp-content\/uploads\/2025\/05\/Bandera-4-julio.png?resize=300%2C177&amp;ssl=1 300w, https:\/\/i0.wp.com\/carlosmendozaalvarez.blog\/wp-content\/uploads\/2025\/05\/Bandera-4-julio.png?resize=768%2C453&amp;ssl=1 768w, https:\/\/i0.wp.com\/carlosmendozaalvarez.blog\/wp-content\/uploads\/2025\/05\/Bandera-4-julio.png?resize=18%2C12&amp;ssl=1 18w, https:\/\/i0.wp.com\/carlosmendozaalvarez.blog\/wp-content\/uploads\/2025\/05\/Bandera-4-julio.png?w=1250&amp;ssl=1 1250w\" sizes=\"(max-width: 1000px) 100vw, 1000px\" \/><\/a><\/figure><div class=\"wp-block-media-text__content\">\n<h2 class=\"wp-block-heading has-x-large-font-size\"><strong><em>Global Christian Response to American Empire <\/em>\u2013 June 4, 2025<\/strong><\/h2>\n\n\n\n<hr class=\"wp-block-separator has-alpha-channel-opacity\" style=\"margin-top:var(--wp--preset--spacing--30);margin-bottom:var(--wp--preset--spacing--30)\"\/>\n\n\n\n<p class=\"wp-block-paragraph\" style=\"font-size:clamp(14px, 0.875rem + ((1vw - 3.2px) * 0.588), 20px);\">This webinar will critically examine how Christians around the world are responding to the enduring legacies and current realities of the American empire. From military intervention to economic coercion and cultural dominance, America&#039;s influence continues to shape lives far beyond its borders.<\/p>\n\n\n\n<p class=\"wp-block-paragraph\" style=\"font-size:clamp(14px, 0.875rem + ((1vw - 3.2px) * 0.588), 20px);\">This conversation will address theological, political, and popular responses to empire, highlighting resistance, solidarity, and alternative visions rooted in Christian witness.<\/p>\n<\/div><\/div>\n\n\n\n<div class=\"wp-block-media-text is-stacked-on-mobile\"><figure class=\"wp-block-media-text__media\"><a href=\"https:\/\/www.jesuitinstitute.org.za\/winter-living-theology\/\" target=\"_blank\" rel=\"noopener\"><img data-recalc-dims=\"1\" loading=\"lazy\" decoding=\"async\" width=\"1024\" height=\"512\" data-attachment-id=\"472\" data-permalink=\"https:\/\/carlosmendozaalvarez.blog\/en\/eventos\/sudafrica-2025-carrusel-eventos-15-de-mayo-2025-copia-2\/\" data-orig-file=\"https:\/\/i0.wp.com\/carlosmendozaalvarez.blog\/wp-content\/uploads\/2025\/05\/Sudafrica-2025-Carrusel-eventos-15-de-mayo-2025-copia-1.jpg?fit=1200%2C600&amp;ssl=1\" data-orig-size=\"1200,600\" data-comments-opened=\"1\" data-image-meta=\"{&quot;aperture&quot;:&quot;0&quot;,&quot;credit&quot;:&quot;&quot;,&quot;camera&quot;:&quot;&quot;,&quot;caption&quot;:&quot;&quot;,&quot;created_timestamp&quot;:&quot;0&quot;,&quot;copyright&quot;:&quot;&quot;,&quot;focal_length&quot;:&quot;0&quot;,&quot;iso&quot;:&quot;0&quot;,&quot;shutter_speed&quot;:&quot;0&quot;,&quot;title&quot;:&quot;&quot;,&quot;orientation&quot;:&quot;1&quot;}\" data-image-title=\"Suda\u0301frica 2025 &amp;#8211; Carrusel &amp;#8211; eventos 15 de mayo 2025 copia\" data-image-description=\"\" data-image-caption=\"\" data-large-file=\"https:\/\/i0.wp.com\/carlosmendozaalvarez.blog\/wp-content\/uploads\/2025\/05\/Sudafrica-2025-Carrusel-eventos-15-de-mayo-2025-copia-1.jpg?fit=1024%2C512&amp;ssl=1\" src=\"https:\/\/i0.wp.com\/carlosmendozaalvarez.blog\/wp-content\/uploads\/2025\/05\/Sudafrica-2025-Carrusel-eventos-15-de-mayo-2025-copia-1.jpg?resize=1024%2C512&#038;ssl=1\" alt=\"\" class=\"wp-image-472 size-full\" srcset=\"https:\/\/i0.wp.com\/carlosmendozaalvarez.blog\/wp-content\/uploads\/2025\/05\/Sudafrica-2025-Carrusel-eventos-15-de-mayo-2025-copia-1.jpg?resize=1024%2C512&amp;ssl=1 1024w, https:\/\/i0.wp.com\/carlosmendozaalvarez.blog\/wp-content\/uploads\/2025\/05\/Sudafrica-2025-Carrusel-eventos-15-de-mayo-2025-copia-1.jpg?resize=300%2C150&amp;ssl=1 300w, https:\/\/i0.wp.com\/carlosmendozaalvarez.blog\/wp-content\/uploads\/2025\/05\/Sudafrica-2025-Carrusel-eventos-15-de-mayo-2025-copia-1.jpg?resize=768%2C384&amp;ssl=1 768w, https:\/\/i0.wp.com\/carlosmendozaalvarez.blog\/wp-content\/uploads\/2025\/05\/Sudafrica-2025-Carrusel-eventos-15-de-mayo-2025-copia-1.jpg?resize=18%2C9&amp;ssl=1 18w, https:\/\/i0.wp.com\/carlosmendozaalvarez.blog\/wp-content\/uploads\/2025\/05\/Sudafrica-2025-Carrusel-eventos-15-de-mayo-2025-copia-1.jpg?w=1200&amp;ssl=1 1200w\" sizes=\"(max-width: 1000px) 100vw, 1000px\" \/><\/a><\/figure><div class=\"wp-block-media-text__content\">\n<h2 class=\"wp-block-heading has-x-large-font-size\"><strong><em>Winter Living Theology <\/em>\u2013 June and July 2025<\/strong><\/h2>\n\n\n\n<hr class=\"wp-block-separator has-alpha-channel-opacity\" style=\"margin-top:var(--wp--preset--spacing--30);margin-bottom:var(--wp--preset--spacing--30)\"\/>\n\n\n\n<p class=\"wp-block-paragraph\" style=\"font-size:clamp(14px, 0.875rem + ((1vw - 3.2px) * 0.588), 20px);\">This year, the Winter Living Theology conference series will take place in June and July 2025. It will consist of a three-day series of conferences, as well as short morning and afternoon lectures, given by Fr. Carlos Mendoza-\u00c1lvarez OP.<\/p>\n\n\n\n<p class=\"wp-block-paragraph\" style=\"font-size:clamp(14px, 0.875rem + ((1vw - 3.2px) * 0.588), 20px);\">Father Mendoza-\u00c1lvarez will present the three-day series in Durban, Johannesburg, Cape Town, and Gqeberha. He will also visit Manzini, Eswatini.<\/p>\n<\/div><\/div>\n\n\n<div class=\"wp-block-jetpack-contact-form is-layout-flex wp-container-jetpack-contact-form-is-layout-18d78099 wp-block-jetpack-contact-form-is-layout-flex\"><a href=\"https:\/\/carlosmendozaalvarez.blog\/en\/eventos\/\" target=\"_blank\" rel=\"noopener noreferrer\">Submit a form.<\/a><\/div>","protected":false},"excerpt":{"rendered":"<p>Hope Against All Hope \u2013 May 29, 2025 Colloquium on the work of the Mexican theologian Carlos Mendoza-\u00c1lvarez in Rio de Janeiro.<\/p>","protected":false},"author":265761683,"featured_media":0,"parent":0,"menu_order":0,"comment_status":"closed","ping_status":"closed","template":"","meta":{"_crdt_document":"","postBodyCss":"","postBodyMargin":[],"postBodyPadding":[],"postBodyBackground":{"backgroundType":"classic","gradient":""},"footnotes":""},"class_list":["post-296","page","type-page","status-publish","hentry"],"jetpack_likes_enabled":true,"jetpack_sharing_enabled":true,"jetpack_shortlink":"https:\/\/wp.me\/Pgx1jY-4M","jetpack-related-posts":[{"id":341,"url":"https:\/\/carlosmendozaalvarez.blog\/en\/inicio\/","url_meta":{"origin":296,"position":0},"title":"Carlos Mendoza-\u00c1lvarez is an intellectual,\u2026","author":"mendocinomx","date":"14 de May de 2025","format":false,"excerpt":"Carlos Mendoza-\u00c1lvarez is an intellectual and Dominican friar recognized for his critical and decolonial approach to contemporary theology. Blog Events Networks","rel":"","context":"Similar post","block_context":{"text":"Similar post","link":""},"img":{"alt_text":"","src":"https:\/\/i0.wp.com\/carlosmendozaalvarez.blog\/wp-content\/uploads\/2025\/05\/WhatsApp-Image-2025-05-13-at-5.20.38-PM-1.jpeg?resize=350%2C200&ssl=1","width":350,"height":200,"srcset":"https:\/\/i0.wp.com\/carlosmendozaalvarez.blog\/wp-content\/uploads\/2025\/05\/WhatsApp-Image-2025-05-13-at-5.20.38-PM-1.jpeg?resize=350%2C200&ssl=1 1x, https:\/\/i0.wp.com\/carlosmendozaalvarez.blog\/wp-content\/uploads\/2025\/05\/WhatsApp-Image-2025-05-13-at-5.20.38-PM-1.jpeg?resize=525%2C300&ssl=1 1.5x, https:\/\/i0.wp.com\/carlosmendozaalvarez.blog\/wp-content\/uploads\/2025\/05\/WhatsApp-Image-2025-05-13-at-5.20.38-PM-1.jpeg?resize=700%2C400&ssl=1 2x, https:\/\/i0.wp.com\/carlosmendozaalvarez.blog\/wp-content\/uploads\/2025\/05\/WhatsApp-Image-2025-05-13-at-5.20.38-PM-1.jpeg?resize=1050%2C600&ssl=1 3x"},"classes":[]}],"_links":{"self":[{"href":"https:\/\/carlosmendozaalvarez.blog\/en\/wp-json\/wp\/v2\/pages\/296","targetHints":{"allow":["GET"]}}],"collection":[{"href":"https:\/\/carlosmendozaalvarez.blog\/en\/wp-json\/wp\/v2\/pages"}],"about":[{"href":"https:\/\/carlosmendozaalvarez.blog\/en\/wp-json\/wp\/v2\/types\/page"}],"author":[{"embeddable":true,"href":"https:\/\/carlosmendozaalvarez.blog\/en\/wp-json\/wp\/v2\/users\/265761683"}],"replies":[{"embeddable":true,"href":"https:\/\/carlosmendozaalvarez.blog\/en\/wp-json\/wp\/v2\/comments?post=296"}],"version-history":[{"count":13,"href":"https:\/\/carlosmendozaalvarez.blog\/en\/wp-json\/wp\/v2\/pages\/296\/revisions"}],"predecessor-version":[{"id":739,"href":"https:\/\/carlosmendozaalvarez.blog\/en\/wp-json\/wp\/v2\/pages\/296\/revisions\/739"}],"wp:attachment":[{"href":"https:\/\/carlosmendozaalvarez.blog\/en\/wp-json\/wp\/v2\/media?parent=296"}],"curies":[{"name":"wp","href":"https:\/\/api.w.org\/{rel}","templated":true}]}}